{"id":23525,"date":"2024-11-27T08:40:36","date_gmt":"2024-11-27T08:40:36","guid":{"rendered":"https:\/\/vizzion.dev2.sdhost.eu\/product\/h9c-3mp-3mp\/"},"modified":"2025-11-28T19:28:00","modified_gmt":"2025-11-28T19:28:00","slug":"h9c-3mp-3mp","status":"publish","type":"product","link":"https:\/\/vizzion.eu\/fi\/product\/h9c-3mp-3mp\/","title":{"rendered":"EZVIZ H9C 3MP + 3MP"},"content":{"rendered":"\t\t<div data-elementor-type=\"product-post\" data-elementor-id=\"23525\" class=\"elementor elementor-23525 elementor-22270\" data-elementor-post-type=\"product\">\n\t\t\t\t<div class=\"elementor-element elementor-element-57a587d3 e-flex e-con-boxed e-con e-parent\" data-id=\"57a587d3\" data-element_type=\"container\" data-e-type=\"container\">\n\t\t\t\t\t<div class=\"e-con-inner\">\n\t\t\t\t<div class=\"elementor-element elementor-element-b3b4c09 elementor-widget elementor-widget-heading\" data-id=\"b3b4c09\" data-element_type=\"widget\" data-e-type=\"widget\" data-widget_type=\"heading.default\">\n\t\t\t\t<div class=\"elementor-widget-container\">\n\t\t\t\t\t<h3 class=\"elementor-heading-title elementor-size-default\">EZVIZ H9c 3MP<\/h3>\t\t\t\t<\/div>\n\t\t\t\t<\/div>\n\t\t\t\t<div class=\"elementor-element elementor-element-445246f8 elementor-widget elementor-widget-text-editor\" data-id=\"445246f8\" data-element_type=\"widget\" data-e-type=\"widget\" data-widget_type=\"text-editor.default\">\n\t\t\t\t<div class=\"elementor-widget-container\">\n\t\t\t\t\t\t\t\t\t<p><strong>EZVIZ H9c 2K\u00a0<\/strong>panoraamimise ja kallutamise funktsiooniga Wi-Fi kaamera pakub k\u00f5rgetasemelist turvalisust ja selget pilti t\u00e4nu kahele 3MP (2304 \u00d7 1296) resolutsiooniga objektiivile. Lisaks on kaamera varustatud infrapuna ja valge LED valgusega (pimedas kuni 30m). Kaamera sisaldab inimese ja auto tuvastust ning aktiivset kaitset sireeni ja stroboskoobiga. Kaamera on eemalt p\u00f6\u00f6ratav, toetab kahepoolset audiot ja on ilmastikukindel. Toetab MicroSD kaarti kuni 512GB.<\/p>\t\t\t\t\t\t\t\t<\/div>\n\t\t\t\t<\/div>\n\t\t\t\t<div class=\"elementor-element elementor-element-14ecb07 elementor-widget elementor-widget-n-accordion\" data-id=\"14ecb07\" data-element_type=\"widget\" data-e-type=\"widget\" data-settings=\"{&quot;default_state&quot;:&quot;all_collapsed&quot;,&quot;max_items_expended&quot;:&quot;one&quot;,&quot;n_accordion_animation_duration&quot;:{&quot;unit&quot;:&quot;ms&quot;,&quot;size&quot;:400,&quot;sizes&quot;:[]}}\" data-widget_type=\"nested-accordion.default\">\n\t\t\t\t<div class=\"elementor-widget-container\">\n\t\t\t\t\t\t\t<div class=\"e-n-accordion\" aria-label=\"Accordion. Open links with Enter or Space, close with Escape, and navigate with Arrow Keys\">\n\t\t\t\t\t\t<details id=\"e-n-accordion-item-2190\" class=\"e-n-accordion-item\" >\n\t\t\t\t<summary class=\"e-n-accordion-item-title\" data-accordion-index=\"1\" tabindex=\"0\" aria-expanded=\"false\" aria-controls=\"e-n-accordion-item-2190\" >\n\t\t\t\t\t<span class='e-n-accordion-item-title-header'><div class=\"e-n-accordion-item-title-text\"> SPECIFICATION <\/div><\/span>\n\t\t\t\t\t\t\t<span class='e-n-accordion-item-title-icon'>\n\t\t\t<span class='e-opened' ><svg aria-hidden=\"true\" class=\"e-font-icon-svg e-fas-angle-up\" viewBox=\"0 0 320 512\" xmlns=\"http:\/\/www.w3.org\/2000\/svg\"><path d=\"M177 159.7l136 136c9.4 9.4 9.4 24.6 0 33.9l-22.6 22.6c-9.4 9.4-24.6 9.4-33.9 0L160 255.9l-96.4 96.4c-9.4 9.4-24.6 9.4-33.9 0L7 329.7c-9.4-9.4-9.4-24.6 0-33.9l136-136c9.4-9.5 24.6-9.5 34-.1z\"><\/path><\/svg><\/span>\n\t\t\t<span class='e-closed'><svg aria-hidden=\"true\" class=\"e-font-icon-svg e-fas-angle-double-down\" viewBox=\"0 0 320 512\" xmlns=\"http:\/\/www.w3.org\/2000\/svg\"><path d=\"M143 256.3L7 120.3c-9.4-9.4-9.4-24.6 0-33.9l22.6-22.6c9.4-9.4 24.6-9.4 33.9 0l96.4 96.4 96.4-96.4c9.4-9.4 24.6-9.4 33.9 0L313 86.3c9.4 9.4 9.4 24.6 0 33.9l-136 136c-9.4 9.5-24.6 9.5-34 .1zm34 192l136-136c9.4-9.4 9.4-24.6 0-33.9l-22.6-22.6c-9.4-9.4-24.6-9.4-33.9 0L160 352.1l-96.4-96.4c-9.4-9.4-24.6-9.4-33.9 0L7 278.3c-9.4 9.4-9.4 24.6 0 33.9l136 136c9.4 9.5 24.6 9.5 34 .1z\"><\/path><\/svg><\/span>\n\t\t<\/span>\n\n\t\t\t\t\t\t<\/summary>\n\t\t\t\t<div role=\"region\" aria-labelledby=\"e-n-accordion-item-2190\" class=\"elementor-element elementor-element-29877d1 e-con-full e-flex e-con e-child\" data-id=\"29877d1\" data-element_type=\"container\" data-e-type=\"container\">\n\t\t<div role=\"region\" aria-labelledby=\"e-n-accordion-item-2190\" class=\"elementor-element elementor-element-fcc0c43 e-flex e-con-boxed e-con e-child\" data-id=\"fcc0c43\" data-element_type=\"container\" data-e-type=\"container\">\n\t\t\t\t\t<div class=\"e-con-inner\">\n\t\t\t\t<div class=\"elementor-element elementor-element-b8d1620 elementor-widget elementor-widget-text-editor\" data-id=\"b8d1620\" data-element_type=\"widget\" data-e-type=\"widget\" data-widget_type=\"text-editor.default\">\n\t\t\t\t<div class=\"elementor-widget-container\">\n\t\t\t\t\t\t\t\t\t<ul><li>Image sensor 1\/2.7\u2033 Progressive Scan CMOS<\/li><li>2x 3MP lens<\/li><li>Max resolution: 2304\u00d71296<\/li><li>Viewing angle: lower 55\u00b0 and upper 108\u00b0<\/li><li>Rotating part control: Pan: 350\u00b0, Tilt: 80\u00b0<\/li><li>Infrared and white LED light up to 30m (white LED light can also be used as a yard starter)<\/li><li>Two-way audio<\/li><li>Wi-Fi standard IEEE802.11b, 802.11g, 802.11n<\/li><li>Frequency range 2.4 GHz ~ 2.4835 GHz<\/li><li>The channel bandwidth supports 20 MHz<\/li><li>Transmission speed 11b 11 Mbps, 11g 54 Mbps, 11n: 150 Mbps<\/li><li>Wi-Fi pairing AP pairing<\/li><li>MicroSD card support up to 512GB<\/li><li>Weatherproof IP65<\/li><li>Working temp: -30C ~ 60C<\/li><li>Power supply: DC 12V\/1.5A<\/li><li>Energy consumption: MAX. 12W<\/li><li>Dimensions: 145 \u00d7 116 \u00d7 142mm<\/li><li>Weight: 668 g<\/li><li>Warranty 2 years<\/li><\/ul><p><a href=\"https:\/\/ezvizlife.ee\/wp-content\/uploads\/2024\/05\/H9c-Dual-2K-Datasheet.pdf?x39167\" target=\"_blank\" rel=\"noopener\"><strong>DOCUMENTATION<\/strong><\/a><\/p>\t\t\t\t\t\t\t\t<\/div>\n\t\t\t\t<\/div>\n\t\t\t\t\t<\/div>\n\t\t\t\t<\/div>\n\t\t\t\t<\/div>\n\t\t\t\t\t<\/details>\n\t\t\t\t\t\t<details id=\"e-n-accordion-item-2191\" class=\"e-n-accordion-item\" >\n\t\t\t\t<summary class=\"e-n-accordion-item-title\" data-accordion-index=\"2\" tabindex=\"-1\" aria-expanded=\"false\" aria-controls=\"e-n-accordion-item-2191\" >\n\t\t\t\t\t<span class='e-n-accordion-item-title-header'><div class=\"e-n-accordion-item-title-text\"> WHAT IS NEEDED? <\/div><\/span>\n\t\t\t\t\t\t\t<span class='e-n-accordion-item-title-icon'>\n\t\t\t<span class='e-opened' ><svg aria-hidden=\"true\" class=\"e-font-icon-svg e-fas-angle-up\" viewBox=\"0 0 320 512\" xmlns=\"http:\/\/www.w3.org\/2000\/svg\"><path d=\"M177 159.7l136 136c9.4 9.4 9.4 24.6 0 33.9l-22.6 22.6c-9.4 9.4-24.6 9.4-33.9 0L160 255.9l-96.4 96.4c-9.4 9.4-24.6 9.4-33.9 0L7 329.7c-9.4-9.4-9.4-24.6 0-33.9l136-136c9.4-9.5 24.6-9.5 34-.1z\"><\/path><\/svg><\/span>\n\t\t\t<span class='e-closed'><svg aria-hidden=\"true\" class=\"e-font-icon-svg e-fas-angle-double-down\" viewBox=\"0 0 320 512\" xmlns=\"http:\/\/www.w3.org\/2000\/svg\"><path d=\"M143 256.3L7 120.3c-9.4-9.4-9.4-24.6 0-33.9l22.6-22.6c9.4-9.4 24.6-9.4 33.9 0l96.4 96.4 96.4-96.4c9.4-9.4 24.6-9.4 33.9 0L313 86.3c9.4 9.4 9.4 24.6 0 33.9l-136 136c-9.4 9.5-24.6 9.5-34 .1zm34 192l136-136c9.4-9.4 9.4-24.6 0-33.9l-22.6-22.6c-9.4-9.4-24.6-9.4-33.9 0L160 352.1l-96.4-96.4c-9.4-9.4-24.6-9.4-33.9 0L7 278.3c-9.4 9.4-9.4 24.6 0 33.9l136 136c9.4 9.5 24.6 9.5 34 .1z\"><\/path><\/svg><\/span>\n\t\t<\/span>\n\n\t\t\t\t\t\t<\/summary>\n\t\t\t\t<div role=\"region\" aria-labelledby=\"e-n-accordion-item-2191\" class=\"elementor-element elementor-element-8e6aa56 e-con-full e-flex e-con e-child\" data-id=\"8e6aa56\" data-element_type=\"container\" data-e-type=\"container\">\n\t\t<div role=\"region\" aria-labelledby=\"e-n-accordion-item-2191\" class=\"elementor-element elementor-element-5dd305d e-flex e-con-boxed e-con e-child\" data-id=\"5dd305d\" data-element_type=\"container\" data-e-type=\"container\">\n\t\t\t\t\t<div class=\"e-con-inner\">\n\t\t\t\t<div class=\"elementor-element elementor-element-e77ea7f elementor-widget elementor-widget-text-editor\" data-id=\"e77ea7f\" data-element_type=\"widget\" data-e-type=\"widget\" data-widget_type=\"text-editor.default\">\n\t\t\t\t<div class=\"elementor-widget-container\">\n\t\t\t\t\t\t\t\t\t<ul><li><span>iPhone or IPad (Software from iOS V6.0)<\/span><\/li><li><span>Android phones and tablets (Software from Android V4.0)<\/span><\/li><\/ul>\t\t\t\t\t\t\t\t<\/div>\n\t\t\t\t<\/div>\n\t\t\t\t\t<\/div>\n\t\t\t\t<\/div>\n\t\t\t\t<\/div>\n\t\t\t\t\t<\/details>\n\t\t\t\t\t<\/div>\n\t\t\t\t\t\t<\/div>\n\t\t\t\t<\/div>\n\t\t\t\t\t<\/div>\n\t\t\t\t<\/div>\n\t\t\t\t<\/div>\n\t\t","protected":false},"excerpt":{"rendered":"<h5 class=\"fusion-responsive-typography-calculated\" data-fontsize=\"36\" data-lineheight=\"43.2px\">Dual lens flip camera<\/h5>\n<p><span>Dual-lens reversing camera<\/span><br \/>\n<strong><span>2x 3MP<\/span><\/strong><span>\u00a0resolution lens (2304 \u00d7 1296)<\/span><br \/>\n<span>Wide viewing angle\u00a0<\/span><strong><span>108\u00b0<\/span><\/strong><br \/>\n<span>Infrared and white LED light\u00a0<\/span><strong><span>up to 30m<\/span><\/strong><br \/>\n<span>Human and car shape detection<\/span><br \/>\n<span>Active protection with siren and strobe<\/span><br \/>\n<span>Two-way audio<\/span><br \/>\n<span>MicroSD up to\u00a0<\/span><strong><span>512GB<\/span><\/strong><br \/>\n<span>Weatherproof design<\/span><\/p>\n","protected":false},"featured_media":23310,"comment_status":"open","ping_status":"closed","template":"","meta":[],"product_cat":[127,143],"product_tag":[],"class_list":{"0":"post-23525","1":"product","2":"type-product","3":"status-publish","4":"has-post-thumbnail","6":"product_cat-uncategorized-fi","7":"product_cat-outdoor-cameras-fi","9":"first","10":"instock","11":"sale","12":"shipping-taxable","13":"purchasable","14":"product-type-simple"},"_links":{"self":[{"href":"https:\/\/vizzion.eu\/fi\/wp-json\/wp\/v2\/product\/23525","targetHints":{"allow":["GET"]}}],"collection":[{"href":"https:\/\/vizzion.eu\/fi\/wp-json\/wp\/v2\/product"}],"about":[{"href":"https:\/\/vizzion.eu\/fi\/wp-json\/wp\/v2\/types\/product"}],"replies":[{"embeddable":true,"href":"https:\/\/vizzion.eu\/fi\/wp-json\/wp\/v2\/comments?post=23525"}],"version-history":[{"count":2,"href":"https:\/\/vizzion.eu\/fi\/wp-json\/wp\/v2\/product\/23525\/revisions"}],"predecessor-version":[{"id":23805,"href":"https:\/\/vizzion.eu\/fi\/wp-json\/wp\/v2\/product\/23525\/revisions\/23805"}],"wp:featuredmedia":[{"embeddable":true,"href":"https:\/\/vizzion.eu\/fi\/wp-json\/wp\/v2\/media\/23310"}],"wp:attachment":[{"href":"https:\/\/vizzion.eu\/fi\/wp-json\/wp\/v2\/media?parent=23525"}],"wp:term":[{"taxonomy":"product_cat","embeddable":true,"href":"https:\/\/vizzion.eu\/fi\/wp-json\/wp\/v2\/product_cat?post=23525"},{"taxonomy":"product_tag","embeddable":true,"href":"https:\/\/vizzion.eu\/fi\/wp-json\/wp\/v2\/product_tag?post=23525"}],"curies":[{"name":"wp","href":"https:\/\/api.w.org\/{rel}","templated":true}]}}